	{"id":184,"date":"2025-03-30T20:30:19","date_gmt":"2025-03-30T18:30:19","guid":{"rendered":"https:\/\/esj-dolembreux.be\/?page_id=184"},"modified":"2025-03-30T20:35:54","modified_gmt":"2025-03-30T18:35:54","slug":"activites","status":"publish","type":"page","link":"https:\/\/esj-dolembreux.be\/index.php\/activites\/","title":{"rendered":"Activit\u00e9s"},"content":{"rendered":"\t\t<div data-elementor-type=\"wp-page\" data-elementor-id=\"184\" class=\"elementor elementor-184\">\n\t\t\t\t<div class=\"elementor-element elementor-element-45a8364 e-flex e-con-boxed e-con e-parent\" data-id=\"45a8364\" data-element_type=\"container\" data-e-type=\"container\">\n\t\t\t\t\t<div class=\"e-con-inner\">\n\t\t\t\t<div class=\"elementor-element elementor-element-3cb8d82 elementor-widget elementor-widget-text-editor\" data-id=\"3cb8d82\" data-element_type=\"widget\" data-e-type=\"widget\" data-widget_type=\"text-editor.default\">\n\t\t\t\t<div class=\"elementor-widget-container\">\n\t\t\t\t\t\t\t\t\t<p><strong>Au cours de l&rsquo;ann\u00e9e diff\u00e9rentes activit\u00e9s sont propos\u00e9es :<\/strong><\/p><ul><li>F\u00eate de l&rsquo;\u00e9cole<\/li><li>Concert de No\u00ebl<\/li><li>Repas de d\u00e9but d&rsquo;ann\u00e9e<\/li><li>&#8230;<\/li><\/ul><p>Vous pouvez proposer votre aide au travers des diff\u00e9rentes activit\u00e9s via les formulaires du menu.<\/p>\t\t\t\t\t\t\t\t<\/div>\n\t\t\t\t<\/div>\n\t\t\t\t\t<\/div>\n\t\t\t\t<\/div>\n\t\t\t\t<\/div>\n\t\t","protected":false},"excerpt":{"rendered":"<p>Au cours de l&rsquo;ann\u00e9e diff\u00e9rentes activit\u00e9s sont propos\u00e9es : F\u00eate de l&rsquo;\u00e9cole Concert de No\u00ebl Repas de d\u00e9but d&rsquo;ann\u00e9e &#8230; Vous pouvez proposer votre aide au travers des diff\u00e9rentes activit\u00e9s via les formulaires du menu.<\/p>\n","protected":false},"author":28,"featured_media":0,"parent":0,"menu_order":0,"comment_status":"closed","ping_status":"closed","template":"","meta":{"footnotes":""},"class_list":["post-184","page","type-page","status-publish","hentry","entry"],"_links":{"self":[{"href":"https:\/\/esj-dolembreux.be\/index.php\/wp-json\/wp\/v2\/pages\/184","targetHints":{"allow":["GET"]}}],"collection":[{"href":"https:\/\/esj-dolembreux.be\/index.php\/wp-json\/wp\/v2\/pages"}],"about":[{"href":"https:\/\/esj-dolembreux.be\/index.php\/wp-json\/wp\/v2\/types\/page"}],"author":[{"embeddable":true,"href":"https:\/\/esj-dolembreux.be\/index.php\/wp-json\/wp\/v2\/users\/28"}],"replies":[{"embeddable":true,"href":"https:\/\/esj-dolembreux.be\/index.php\/wp-json\/wp\/v2\/comments?post=184"}],"version-history":[{"count":7,"href":"https:\/\/esj-dolembreux.be\/index.php\/wp-json\/wp\/v2\/pages\/184\/revisions"}],"predecessor-version":[{"id":191,"href":"https:\/\/esj-dolembreux.be\/index.php\/wp-json\/wp\/v2\/pages\/184\/revisions\/191"}],"wp:attachment":[{"href":"https:\/\/esj-dolembreux.be\/index.php\/wp-json\/wp\/v2\/media?parent=184"}],"curies":[{"name":"wp","href":"https:\/\/api.w.org\/{rel}","templated":true}]}}