	{"id":268,"date":"2025-03-31T10:46:47","date_gmt":"2025-03-31T08:46:47","guid":{"rendered":"https:\/\/esj-dolembreux.be\/?page_id=268"},"modified":"2025-03-31T10:49:57","modified_gmt":"2025-03-31T08:49:57","slug":"connexion-2","status":"publish","type":"page","link":"https:\/\/esj-dolembreux.be\/index.php\/connexion-2\/","title":{"rendered":"Connexion"},"content":{"rendered":"\t\t<div data-elementor-type=\"wp-page\" data-elementor-id=\"268\" class=\"elementor elementor-268\">\n\t\t\t\t<div class=\"elementor-element elementor-element-b1953d0 e-flex e-con-boxed e-con e-parent\" data-id=\"b1953d0\" data-element_type=\"container\" data-e-type=\"container\">\n\t\t\t\t\t<div class=\"e-con-inner\">\n\t\t\t\t<div class=\"elementor-element elementor-element-d50e584 elementor-widget elementor-widget-text-editor\" data-id=\"d50e584\" data-element_type=\"widget\" data-e-type=\"widget\" data-widget_type=\"text-editor.default\">\n\t\t\t\t<div class=\"elementor-widget-container\">\n\t\t\t\t\t\t\t\t\t<p>Vous devez vous connecter afin d&rsquo;acc\u00e9der \u00e0 certaines fonctionnalit\u00e9s du site tel que : <\/p><ul><li>Visualiser l&rsquo;agenda ou le Quoi De Neuf<\/li><li>S&rsquo;inscrire aux sessions<\/li><li>&#8230;.<\/li><\/ul><p>Les inscriptions sont ferm\u00e9es et l&rsquo;ouverture d&rsquo;un compte ne se r\u00e9alise que par demande via le formulaire \u00ab\u00a0Contact.<\/p>\t\t\t\t\t\t\t\t<\/div>\n\t\t\t\t<\/div>\n\t\t\t\t\t<\/div>\n\t\t\t\t<\/div>\n\t\t\t\t<\/div>\n\t\t","protected":false},"excerpt":{"rendered":"<p>Vous devez vous connecter afin d&rsquo;acc\u00e9der \u00e0 certaines fonctionnalit\u00e9s du site tel que : Visualiser l&rsquo;agenda ou le Quoi De Neuf S&rsquo;inscrire aux sessions &#8230;. Les inscriptions sont ferm\u00e9es et l&rsquo;ouverture d&rsquo;un compte ne se r\u00e9alise que par demande via le formulaire \u00ab\u00a0Contact.<\/p>\n","protected":false},"author":28,"featured_media":0,"parent":0,"menu_order":0,"comment_status":"closed","ping_status":"closed","template":"","meta":{"footnotes":""},"class_list":["post-268","page","type-page","status-publish","hentry","entry"],"_links":{"self":[{"href":"https:\/\/esj-dolembreux.be\/index.php\/wp-json\/wp\/v2\/pages\/268","targetHints":{"allow":["GET"]}}],"collection":[{"href":"https:\/\/esj-dolembreux.be\/index.php\/wp-json\/wp\/v2\/pages"}],"about":[{"href":"https:\/\/esj-dolembreux.be\/index.php\/wp-json\/wp\/v2\/types\/page"}],"author":[{"embeddable":true,"href":"https:\/\/esj-dolembreux.be\/index.php\/wp-json\/wp\/v2\/users\/28"}],"replies":[{"embeddable":true,"href":"https:\/\/esj-dolembreux.be\/index.php\/wp-json\/wp\/v2\/comments?post=268"}],"version-history":[{"count":7,"href":"https:\/\/esj-dolembreux.be\/index.php\/wp-json\/wp\/v2\/pages\/268\/revisions"}],"predecessor-version":[{"id":275,"href":"https:\/\/esj-dolembreux.be\/index.php\/wp-json\/wp\/v2\/pages\/268\/revisions\/275"}],"wp:attachment":[{"href":"https:\/\/esj-dolembreux.be\/index.php\/wp-json\/wp\/v2\/media?parent=268"}],"curies":[{"name":"wp","href":"https:\/\/api.w.org\/{rel}","templated":true}]}}